{"id":1958,"date":"2026-01-19T17:35:35","date_gmt":"2026-01-19T14:35:35","guid":{"rendered":"https:\/\/kamp.linux.org.tr\/2026-kis\/?page_id=1958"},"modified":"2026-01-23T15:49:16","modified_gmt":"2026-01-23T12:49:16","slug":"kubernetes-ve-konteyner-dunyasina-giris","status":"publish","type":"page","link":"https:\/\/kamp.linux.org.tr\/2026-kis\/kurslar\/kubernetes-ve-konteyner-dunyasina-giris\/","title":{"rendered":"Kubernetes ve Konteyner D\u00fcnyas\u0131na Giri\u015f"},"content":{"rendered":"\n<p><strong>E\u011fitmenler: <\/strong>Furkan \u0130nciro\u011flu<\/p>\n\n\n\n<p class=\"mb10\"><a class=\"btn btn-lyk\" href=\"https:\/\/kayit.linux.org.tr\/\" target=\"_blank\" rel=\"noreferrer noopener\">Kurslara kay\u0131t olmak i\u00e7in t\u0131klay\u0131n<\/a><\/p>\n\n\n\n<p><strong>Kat\u0131l\u0131mc\u0131lar i\u00e7in \u00f6n-\u015fartlar<\/strong><\/p>\n\n\n\n<ul class=\"wp-block-list\">\n<li><a href=\"https:\/\/kamp.linux.org.tr\/2025-yaz\/kurslar\/gnu-linux-sistem-yonetimi-1-duzey\/\" target=\"_blank\" rel=\"noreferrer noopener\">GNU\/Linux Sistem Y\u00f6netimi 1. D\u00fczey<\/a> konular\u0131na hakim olmak<\/li>\n\n\n\n<li>Okudu\u011funu anlayabilecek d\u00fczeyde \u0130ngilizce bilgisine sahip olmak<\/li>\n\n\n\n<li>Sanal makine ile bu makineler aras\u0131nda sanal a\u011f kurabilmek ve kullanabilmek<\/li>\n<\/ul>\n\n\n\n<br \/>\n\n\n\n<p><strong>E\u011fitim i\u00e7eri\u011fi<\/strong><\/p>\n\n\n\n<ul class=\"wp-block-list\">\n<li>Konteynerler (Container) Nedir? Neden?<\/li>\n\n\n\n<li>Kubernetes Mimarisi<\/li>\n\n\n\n<li>Kubernetes Kavramlar\u0131<\/li>\n\n\n\n<li>Kubernetes Kurulumu<\/li>\n\n\n\n<li>Kubernetes Yetkilendirme<\/li>\n\n\n\n<li>Kubernetes ile \u00c7al\u0131\u015fma<\/li>\n\n\n\n<li>Pod ve \u0130maj Y\u00f6netimi<\/li>\n\n\n\n<li>Uygulama Log ve \u0130zlenebilirlik (Monitoring) Y\u00f6ntemleri<\/li>\n\n\n\n<li>Kubernetes ile Uygulama Eri\u015filebilirli\u011fi<\/li>\n\n\n\n<li>Kubernetes ile Y\u00fcksek Eri\u015filebilirlik (HA)<\/li>\n\n\n\n<li>Kal\u0131c\u0131 (Persistent) Depolama (Storage)<\/li>\n\n\n\n<li>Kal\u0131c\u0131 Uygulama \u00c7al\u0131\u015ft\u0131rma<\/li>\n\n\n\n<li>Kubernetes Servis Sa\u011flay\u0131c\u0131lar\u0131<\/li>\n<\/ul>\n","protected":false},"excerpt":{"rendered":"<p>E\u011fitmenler: Furkan \u0130nciro\u011flu Kurslara kay\u0131t olmak i\u00e7in t\u0131klay\u0131n Kat\u0131l\u0131mc\u0131lar i\u00e7in \u00f6n-\u015fartlar E\u011fitim i\u00e7eri\u011fi<\/p>\n","protected":false},"author":8,"featured_media":0,"parent":362,"menu_order":0,"comment_status":"closed","ping_status":"closed","template":"","meta":{"footnotes":""},"class_list":["post-1958","page","type-page","status-publish","hentry"],"jetpack_sharing_enabled":true,"_links":{"self":[{"href":"https:\/\/kamp.linux.org.tr\/2026-kis\/wp-json\/wp\/v2\/pages\/1958","targetHints":{"allow":["GET"]}}],"collection":[{"href":"https:\/\/kamp.linux.org.tr\/2026-kis\/wp-json\/wp\/v2\/pages"}],"about":[{"href":"https:\/\/kamp.linux.org.tr\/2026-kis\/wp-json\/wp\/v2\/types\/page"}],"author":[{"embeddable":true,"href":"https:\/\/kamp.linux.org.tr\/2026-kis\/wp-json\/wp\/v2\/users\/8"}],"replies":[{"embeddable":true,"href":"https:\/\/kamp.linux.org.tr\/2026-kis\/wp-json\/wp\/v2\/comments?post=1958"}],"version-history":[{"count":4,"href":"https:\/\/kamp.linux.org.tr\/2026-kis\/wp-json\/wp\/v2\/pages\/1958\/revisions"}],"predecessor-version":[{"id":2091,"href":"https:\/\/kamp.linux.org.tr\/2026-kis\/wp-json\/wp\/v2\/pages\/1958\/revisions\/2091"}],"up":[{"embeddable":true,"href":"https:\/\/kamp.linux.org.tr\/2026-kis\/wp-json\/wp\/v2\/pages\/362"}],"wp:attachment":[{"href":"https:\/\/kamp.linux.org.tr\/2026-kis\/wp-json\/wp\/v2\/media?parent=1958"}],"curies":[{"name":"wp","href":"https:\/\/api.w.org\/{rel}","templated":true}]}}