{"id":1962,"date":"2026-01-19T17:48:26","date_gmt":"2026-01-19T14:48:26","guid":{"rendered":"https:\/\/kamp.linux.org.tr\/2026-kis\/?page_id=1962"},"modified":"2026-01-19T23:50:43","modified_gmt":"2026-01-19T20:50:43","slug":"mikroservisler-ile-devops","status":"publish","type":"page","link":"https:\/\/kamp.linux.org.tr\/2026-kis\/kurslar\/mikroservisler-ile-devops\/","title":{"rendered":"Mikroservisler ile DevOPS"},"content":{"rendered":"\n<p>Yaz\u0131l\u0131m geli\u015ftirilirken kullan\u0131lan farkl\u0131 y\u00f6ntemlerin ele al\u0131naca\u011f\u0131 e\u011fitimde, farkl\u0131 yaz\u0131l\u0131m geli\u015ftirme y\u00f6ntemleri ile kar\u015f\u0131la\u015ft\u0131r\u0131larak mikroservislerin kullan\u0131m ama\u00e7lar\u0131 ele al\u0131n\u0131yor. Mikroservis kullan\u0131m\u0131n\u0131n getirebilece\u011fi sorunlar\u0131 ortadan kald\u0131rmak i\u00e7in kullan\u0131lan yaz\u0131l\u0131m geli\u015ftirme y\u00f6ntemleri, otomasyonlar ve ara\u00e7lar anlat\u0131l\u0131yor. E\u011fitim, belirli bir \u00f6l\u00e7e\u011fin \u00fczerinde yaz\u0131l\u0131m projelerinde g\u00f6rev alan ya da almak isteyen yaz\u0131l\u0131m geli\u015ftiricilerine hitap ediyor.<\/p>\n\n\n\n<p><strong>E\u011fitmenler:<\/strong> Hakan Uygun<\/p>\n\n\n\n<p class=\"mb10\"><a class=\"btn btn-lyk\" href=\"https:\/\/kayit.linux.org.tr\/\" target=\"_blank\" rel=\"noreferrer noopener\">Kurslara kay\u0131t olmak i\u00e7in t\u0131klay\u0131n<\/a><\/p>\n\n\n\n<p><strong>Kat\u0131l\u0131mc\u0131lar i\u00e7in \u00f6n-\u015fartlar<\/strong><\/p>\n\n\n\n<ul class=\"wp-block-list\">\n<li>En az\u0131ndan bir programlama dilinde yaz\u0131l\u0131m geli\u015ftirme s\u00fcrecinde yer almak.<\/li>\n<\/ul>\n\n\n\n<br \/>\n\n\n\n<p><strong>E\u011fitim \u0130\u00e7eri\u011fi<\/strong><\/p>\n\n\n\n<ul class=\"wp-block-list\">\n<li>Servis Kavram\u0131\n<ul class=\"wp-block-list\">\n<li>SOA, Web Servis, Makroservis, Mikroservis, RPC)<\/li>\n<\/ul>\n<\/li>\n\n\n\n<li>Sanalla\u015ft\u0131rma Y\u00f6ntemleri (Sanal Makine, Konteyner, Sanal A\u011f, Disk Sanalla\u015ft\u0131rmas\u0131)<\/li>\n\n\n\n<li>Mikroservislerin Kullan\u0131m Ama\u00e7lar\u0131<\/li>\n\n\n\n<li>Mikroservislerin Yaratt\u0131\u011f\u0131 Sorunlar<\/li>\n\n\n\n<li>Sistem Mimarisinin Yaz\u0131l\u0131ma Etkisi (Y\u00fcksek Eri\u015filebilirlik, Felaket Kurtarma, Lider Se\u00e7imi, Cluster State Durumu, Distributed Cache Kullan\u0131m\u0131, Veritaban\u0131 De\u011fi\u015fiklik Y\u00f6netimi)<\/li>\n\n\n\n<li>Mikroservis Tasar\u0131m Desenleri (Saga, Circuit Breaker, CDC, Event Sourcing, Streaming, Backend for Frontend, API Gateway, Sidecar, Service Discovery)<\/li>\n\n\n\n<li>Yaz\u0131l\u0131m Geli\u015ftirme Y\u00f6ntemleri\n<ul class=\"wp-block-list\">\n<li>S\u00fcr\u00fcm Politikas\u0131 ve S\u00fcr\u00fcmlendirme<\/li>\n\n\n\n<li>DevOps<\/li>\n\n\n\n<li>Pipeline<\/li>\n\n\n\n<li>Test Y\u00f6ntemleri<\/li>\n<\/ul>\n<\/li>\n\n\n\n<li>Paketleme Sistemleri ve Y\u00f6netimi (Pod imajlar\u0131, Helm chart, RPM\/DEB, NuGet, NPM, Maven, SBOM)<\/li>\n\n\n\n<li>D\u00fczenli Derleme (CI)<\/li>\n\n\n\n<li>D\u00fczenli Y\u00fckleme (CD)<\/li>\n\n\n\n<li>D\u00fczenli \u0130zleme (CM)\n<ul class=\"wp-block-list\">\n<li>Metrikler<\/li>\n\n\n\n<li>Log<\/li>\n\n\n\n<li>Trace<\/li>\n<\/ul>\n<\/li>\n\n\n\n<li>DevOps Y\u00f6ntemleri\n<ul class=\"wp-block-list\">\n<li>GitOps<\/li>\n\n\n\n<li>KNative<\/li>\n\n\n\n<li>CRD+Operator<\/li>\n\n\n\n<li>DevSecOps<\/li>\n<\/ul>\n<\/li>\n<\/ul>\n","protected":false},"excerpt":{"rendered":"<p>Yaz\u0131l\u0131m geli\u015ftirilirken kullan\u0131lan farkl\u0131 y\u00f6ntemlerin ele al\u0131naca\u011f\u0131 e\u011fitimde, farkl\u0131 yaz\u0131l\u0131m geli\u015ftirme y\u00f6ntemleri ile kar\u015f\u0131la\u015ft\u0131r\u0131larak mikroservislerin kullan\u0131m ama\u00e7lar\u0131 ele al\u0131n\u0131yor. Mikroservis kullan\u0131m\u0131n\u0131n getirebilece\u011fi sorunlar\u0131 ortadan kald\u0131rmak i\u00e7in kullan\u0131lan yaz\u0131l\u0131m geli\u015ftirme y\u00f6ntemleri, otomasyonlar ve ara\u00e7lar anlat\u0131l\u0131yor. E\u011fitim, belirli bir \u00f6l\u00e7e\u011fin \u00fczerinde yaz\u0131l\u0131m projelerinde g\u00f6rev alan ya da almak isteyen yaz\u0131l\u0131m geli\u015ftiricilerine hitap ediyor. E\u011fitmenler: Hakan Uygun Kurslara [&hellip;]<\/p>\n","protected":false},"author":8,"featured_media":0,"parent":362,"menu_order":0,"comment_status":"closed","ping_status":"closed","template":"","meta":{"footnotes":""},"class_list":["post-1962","page","type-page","status-publish","hentry"],"jetpack_sharing_enabled":true,"_links":{"self":[{"href":"https:\/\/kamp.linux.org.tr\/2026-kis\/wp-json\/wp\/v2\/pages\/1962","targetHints":{"allow":["GET"]}}],"collection":[{"href":"https:\/\/kamp.linux.org.tr\/2026-kis\/wp-json\/wp\/v2\/pages"}],"about":[{"href":"https:\/\/kamp.linux.org.tr\/2026-kis\/wp-json\/wp\/v2\/types\/page"}],"author":[{"embeddable":true,"href":"https:\/\/kamp.linux.org.tr\/2026-kis\/wp-json\/wp\/v2\/users\/8"}],"replies":[{"embeddable":true,"href":"https:\/\/kamp.linux.org.tr\/2026-kis\/wp-json\/wp\/v2\/comments?post=1962"}],"version-history":[{"count":2,"href":"https:\/\/kamp.linux.org.tr\/2026-kis\/wp-json\/wp\/v2\/pages\/1962\/revisions"}],"predecessor-version":[{"id":2034,"href":"https:\/\/kamp.linux.org.tr\/2026-kis\/wp-json\/wp\/v2\/pages\/1962\/revisions\/2034"}],"up":[{"embeddable":true,"href":"https:\/\/kamp.linux.org.tr\/2026-kis\/wp-json\/wp\/v2\/pages\/362"}],"wp:attachment":[{"href":"https:\/\/kamp.linux.org.tr\/2026-kis\/wp-json\/wp\/v2\/media?parent=1962"}],"curies":[{"name":"wp","href":"https:\/\/api.w.org\/{rel}","templated":true}]}}