{"id":1970,"date":"2026-01-19T18:25:00","date_gmt":"2026-01-19T15:25:00","guid":{"rendered":"https:\/\/kamp.linux.org.tr\/2026-kis\/?page_id=1970"},"modified":"2026-01-20T00:10:32","modified_gmt":"2026-01-19T21:10:32","slug":"unix-terminal-anatomisi-2","status":"publish","type":"page","link":"https:\/\/kamp.linux.org.tr\/2026-kis\/kurslar\/unix-terminal-anatomisi-2\/","title":{"rendered":"Unix Terminal Anatomisi"},"content":{"rendered":"\n<p>Terminal em\u00fclat\u00f6r\u00fcne yazd\u0131\u011f\u0131n\u0131z komutun klavyeden \u00e7\u0131kmas\u0131ndan itibaren ge\u00e7en s\u00fcreci ve bu s\u00fcrecin sonunda nas\u0131l bir \u00e7\u0131kt\u0131ya ula\u015ft\u0131\u011f\u0131n\u0131z\u0131 anlataca\u011f\u0131z. <\/p>\n\n\n\n<p><strong>E\u011fitmenler: <\/strong>Ahmet Talha Ekinci<\/p>\n\n\n\n<p class=\"mb10\"><a class=\"btn btn-lyk\" href=\"https:\/\/kayit.linux.org.tr\/\" target=\"_blank\" rel=\"noreferrer noopener\">Kurslara kay\u0131t olmak i\u00e7in t\u0131klay\u0131n<\/a><\/p>\n\n\n\n<p><strong>Kat\u0131l\u0131mc\u0131lar i\u00e7in \u00f6n-\u015fartlar<\/strong><\/p>\n\n\n\n<ul class=\"wp-block-list\">\n<li>Orta seviye C okuryazarl\u0131\u011f\u0131 <\/li>\n\n\n\n<li>GNU\/Linux komut sat\u0131r\u0131 a\u015final\u0131\u011f\u0131<\/li>\n\n\n\n<li>Merak ve motivasyon<\/li>\n<\/ul>\n\n\n\n<p><\/p>\n\n\n\n<p><strong>Kat\u0131l\u0131mc\u0131lar\u0131n e\u011fitime bilgisayar d\u0131\u015f\u0131nda getirmesi gereken donan\u0131m\/yaz\u0131l\u0131m<\/strong><\/p>\n\n\n\n<ul class=\"wp-block-list\">\n<li>GNU\/Linux i\u015fletim sistemi (sanal makine olabilir).<\/li>\n<\/ul>\n\n\n\n<br \/>\n\n\n\n<p><strong>E\u011fitim \u0130\u00e7eri\u011fi<\/strong><\/p>\n\n\n\n<ul class=\"wp-block-list\">\n<li>Unix Terminal Anatomisi<\/li>\n\n\n\n<li>Terminalin Tarihsel Geli\u015fimi<\/li>\n\n\n\n<li>Terminal Em\u00fclat\u00f6r\u00fc Mimarisi ve Temel Bile\u015fenleri<\/li>\n\n\n\n<li>Terminal (POSIX) Standartlar\u0131 ve G\u00f6r\u00fcnt\u00fcleme Protokolleri<\/li>\n\n\n\n<li>Kabuk (Shell) Nedir?<\/li>\n\n\n\n<li>Shell Mimarisi ve \u00c7ekirdek ile Etkile\u015fim<\/li>\n\n\n\n<li>Bash Nedir, Nas\u0131l \u00c7al\u0131\u015f\u0131r?<\/li>\n\n\n\n<li>PTY ve TTY Nedir?<\/li>\n\n\n\n<li>Pseudo Terminal Yap\u0131s\u0131 ve Master Slave \u0130li\u015fkisi<\/li>\n\n\n\n<li>Terminallerde Sat\u0131r Disiplini ve Veri \u0130\u015fleme Modlar\u0131<\/li>\n\n\n\n<li>PTY ve Shell Entegrasyonu<\/li>\n<\/ul>\n\n\n\n<p><\/p>\n","protected":false},"excerpt":{"rendered":"<p>Terminal em\u00fclat\u00f6r\u00fcne yazd\u0131\u011f\u0131n\u0131z komutun klavyeden \u00e7\u0131kmas\u0131ndan itibaren ge\u00e7en s\u00fcreci ve bu s\u00fcrecin sonunda nas\u0131l bir \u00e7\u0131kt\u0131ya ula\u015ft\u0131\u011f\u0131n\u0131z\u0131 anlataca\u011f\u0131z. E\u011fitmenler: Ahmet Talha Ekinci Kurslara kay\u0131t olmak i\u00e7in t\u0131klay\u0131n Kat\u0131l\u0131mc\u0131lar i\u00e7in \u00f6n-\u015fartlar Kat\u0131l\u0131mc\u0131lar\u0131n e\u011fitime bilgisayar d\u0131\u015f\u0131nda getirmesi gereken donan\u0131m\/yaz\u0131l\u0131m E\u011fitim \u0130\u00e7eri\u011fi<\/p>\n","protected":false},"author":8,"featured_media":0,"parent":362,"menu_order":0,"comment_status":"closed","ping_status":"closed","template":"","meta":{"footnotes":""},"class_list":["post-1970","page","type-page","status-publish","hentry"],"jetpack_sharing_enabled":true,"_links":{"self":[{"href":"https:\/\/kamp.linux.org.tr\/2026-kis\/wp-json\/wp\/v2\/pages\/1970","targetHints":{"allow":["GET"]}}],"collection":[{"href":"https:\/\/kamp.linux.org.tr\/2026-kis\/wp-json\/wp\/v2\/pages"}],"about":[{"href":"https:\/\/kamp.linux.org.tr\/2026-kis\/wp-json\/wp\/v2\/types\/page"}],"author":[{"embeddable":true,"href":"https:\/\/kamp.linux.org.tr\/2026-kis\/wp-json\/wp\/v2\/users\/8"}],"replies":[{"embeddable":true,"href":"https:\/\/kamp.linux.org.tr\/2026-kis\/wp-json\/wp\/v2\/comments?post=1970"}],"version-history":[{"count":5,"href":"https:\/\/kamp.linux.org.tr\/2026-kis\/wp-json\/wp\/v2\/pages\/1970\/revisions"}],"predecessor-version":[{"id":2048,"href":"https:\/\/kamp.linux.org.tr\/2026-kis\/wp-json\/wp\/v2\/pages\/1970\/revisions\/2048"}],"up":[{"embeddable":true,"href":"https:\/\/kamp.linux.org.tr\/2026-kis\/wp-json\/wp\/v2\/pages\/362"}],"wp:attachment":[{"href":"https:\/\/kamp.linux.org.tr\/2026-kis\/wp-json\/wp\/v2\/media?parent=1970"}],"curies":[{"name":"wp","href":"https:\/\/api.w.org\/{rel}","templated":true}]}}