{"id":1975,"date":"2026-01-19T18:38:20","date_gmt":"2026-01-19T15:38:20","guid":{"rendered":"https:\/\/kamp.linux.org.tr\/2026-kis\/?page_id=1975"},"modified":"2026-01-20T00:25:07","modified_gmt":"2026-01-19T21:25:07","slug":"r-ile-veri-gorsellestirme","status":"publish","type":"page","link":"https:\/\/kamp.linux.org.tr\/2026-kis\/kurslar\/r-ile-veri-gorsellestirme\/","title":{"rendered":"R ile Veri G\u00f6rselle\u015ftirme"},"content":{"rendered":"\n<p>Kavramsal olarak verinin g\u00f6rselle\u015ftirilmesi.<\/p>\n\n\n\n<p><strong>E\u011fitmenler:<\/strong> Elif \u00d6zge \u00d6zdamar<\/p>\n\n\n\n<p><a href=\"https:\/\/kayit.linux.org.tr\/\" target=\"_blank\" rel=\"noreferrer noopener\" class=\"btn btn-lyk\">Kurslara kay\u0131t olmak i\u00e7in t\u0131klay\u0131n<\/a><br><\/p>\n\n\n\n<p><strong><strong>Kat\u0131l\u0131mc\u0131lar i\u00e7in \u00f6n-\u015fartlar<\/strong><\/strong><\/p>\n\n\n\n<ul class=\"wp-block-list\">\n<li>Temel R bilgisi<\/li>\n<\/ul>\n\n\n\n<p><\/p>\n\n\n\n<p><strong>Kat\u0131l\u0131mc\u0131lar\u0131n e\u011fitime bilgisayar d\u0131\u015f\u0131nda getirmesi gereken donan\u0131m\/yaz\u0131l\u0131m<\/strong><\/p>\n\n\n\n<ul class=\"wp-block-list\">\n<li>Cetvel, pergel, g\u00f6nye<\/li>\n\n\n\n<li>Renkli boya kalemleri<\/li>\n<\/ul>\n\n\n\n<p><\/p>\n\n\n\n<p><strong>E\u011fitim \u0130\u00e7eri\u011fi<\/strong><\/p>\n\n\n\n<ul class=\"wp-block-list\">\n<li>Kavramlar<\/li>\n\n\n\n<li>Tarih\u00e7e<\/li>\n\n\n\n<li>G\u00f6rsel Alg\u0131<\/li>\n\n\n\n<li>Renk Teorisi<\/li>\n\n\n\n<li>G\u00f6rsel Parametreler ve Koordinat sistemleri<\/li>\n\n\n\n<li>G\u00f6rselle\u015ftirmede yap\u0131lan hatalar<\/li>\n\n\n\n<li>Kurallar<\/li>\n\n\n\n<li>G\u00f6rselle\u015ftirme Tasar\u0131m\u0131<\/li>\n\n\n\n<li>Grafik T\u00fcrleri<\/li>\n\n\n\n<li>Veri G\u00f6rselle\u015ftirilmesinde kullan\u0131lan klasik, modern ve hibrit grafikler<\/li>\n\n\n\n<li>\u0130nteraktif ve 3D Grafikler<\/li>\n\n\n\n<li>Zaman\u0131n G\u00f6rselle\u015ftirilmesi<\/li>\n\n\n\n<li>Mekan\u0131n G\u00f6rselle\u015ftirilmesi<\/li>\n\n\n\n<li>Hiyerar\u015finin G\u00f6rselle\u015ftirilmesi<\/li>\n\n\n\n<li>A\u011flar\u0131n G\u00f6rselle\u015ftirilmesi<\/li>\n\n\n\n<li>Belirsizli\u011fin G\u00f6rselle\u015ftirilmesi<\/li>\n\n\n\n<li>Ayk\u0131r\u0131 ve bo\u015f g\u00f6zlemlerin G\u00f6rselle\u015ftirilmesi<\/li>\n\n\n\n<li>Metin G\u00f6rselle\u015ftirme<\/li>\n\n\n\n<li>Dashboard Tasar\u0131m\u0131<\/li>\n<\/ul>\n\n\n\n<p><\/p>\n","protected":false},"excerpt":{"rendered":"<p>Kavramsal olarak verinin g\u00f6rselle\u015ftirilmesi. E\u011fitmenler: Elif \u00d6zge \u00d6zdamar Kurslara kay\u0131t olmak i\u00e7in t\u0131klay\u0131n Kat\u0131l\u0131mc\u0131lar i\u00e7in \u00f6n-\u015fartlar Kat\u0131l\u0131mc\u0131lar\u0131n e\u011fitime bilgisayar d\u0131\u015f\u0131nda getirmesi gereken donan\u0131m\/yaz\u0131l\u0131m E\u011fitim \u0130\u00e7eri\u011fi<\/p>\n","protected":false},"author":8,"featured_media":0,"parent":362,"menu_order":0,"comment_status":"closed","ping_status":"closed","template":"","meta":{"footnotes":""},"class_list":["post-1975","page","type-page","status-publish","hentry"],"jetpack_sharing_enabled":true,"_links":{"self":[{"href":"https:\/\/kamp.linux.org.tr\/2026-kis\/wp-json\/wp\/v2\/pages\/1975","targetHints":{"allow":["GET"]}}],"collection":[{"href":"https:\/\/kamp.linux.org.tr\/2026-kis\/wp-json\/wp\/v2\/pages"}],"about":[{"href":"https:\/\/kamp.linux.org.tr\/2026-kis\/wp-json\/wp\/v2\/types\/page"}],"author":[{"embeddable":true,"href":"https:\/\/kamp.linux.org.tr\/2026-kis\/wp-json\/wp\/v2\/users\/8"}],"replies":[{"embeddable":true,"href":"https:\/\/kamp.linux.org.tr\/2026-kis\/wp-json\/wp\/v2\/comments?post=1975"}],"version-history":[{"count":6,"href":"https:\/\/kamp.linux.org.tr\/2026-kis\/wp-json\/wp\/v2\/pages\/1975\/revisions"}],"predecessor-version":[{"id":2064,"href":"https:\/\/kamp.linux.org.tr\/2026-kis\/wp-json\/wp\/v2\/pages\/1975\/revisions\/2064"}],"up":[{"embeddable":true,"href":"https:\/\/kamp.linux.org.tr\/2026-kis\/wp-json\/wp\/v2\/pages\/362"}],"wp:attachment":[{"href":"https:\/\/kamp.linux.org.tr\/2026-kis\/wp-json\/wp\/v2\/media?parent=1975"}],"curies":[{"name":"wp","href":"https:\/\/api.w.org\/{rel}","templated":true}]}}