{"id":1984,"date":"2026-01-19T19:00:13","date_gmt":"2026-01-19T16:00:13","guid":{"rendered":"https:\/\/kamp.linux.org.tr\/2026-kis\/?page_id=1984"},"modified":"2026-01-20T00:23:50","modified_gmt":"2026-01-19T21:23:50","slug":"modern-sanallastirma-pratikler-kata-containers-ve-firecracker-ile-microvmlere-giris","status":"publish","type":"page","link":"https:\/\/kamp.linux.org.tr\/2026-kis\/kurslar\/modern-sanallastirma-pratikler-kata-containers-ve-firecracker-ile-microvmlere-giris\/","title":{"rendered":"Modern Sanalla\u015ft\u0131rma Pratikler: Kata Containers ve Firecracker ile MicroVm&#8217;lere Giri\u015f"},"content":{"rendered":"\n<p>MicroVM paradigmas\u0131n\u0131n geleneksel sanalla\u015ft\u0131rma ve konteynerizasyon paradigmalar\u0131na k\u0131yasla avantajlar\u0131n\u0131 ve dezavantajlar\u0131n\u0131 kendi MicroVM&#8217;lerimizi kurarak \u00f6\u011frenece\u011fiz.<\/p>\n\n\n\n<p><strong>E\u011fitmenler:<\/strong> Ba\u015far Suba\u015f\u0131<\/p>\n\n\n\n<p><a href=\"https:\/\/kayit.linux.org.tr\/\" target=\"_blank\" rel=\"noreferrer noopener\" class=\"btn btn-lyk\">Kurslara kay\u0131t olmak i\u00e7in t\u0131klay\u0131n<\/a><\/p>\n\n\n\n<p><strong>Kat\u0131l\u0131mc\u0131lar i\u00e7in \u00f6n-\u015fartlar<\/strong><\/p>\n\n\n\n<ul class=\"wp-block-list\">\n<li>Verilen e\u011fitimi \u00f6\u011frenmeye istekli olmak <\/li>\n\n\n\n<li>Linux ve CLI uygulamalar\u0131na a\u015fina olmak <\/li>\n\n\n\n<li>Dok\u00fcmantasyon okuyabilecek seviyede \u0130ngilizce bilmek<\/li>\n<\/ul>\n\n\n\n<p><\/p>\n\n\n\n<p><strong>Kat\u0131l\u0131mc\u0131lar\u0131n e\u011fitime bilgisayar d\u0131\u015f\u0131nda getirmesi gereken donan\u0131m\/yaz\u0131l\u0131m<\/strong><\/p>\n\n\n\n<ul class=\"wp-block-list\">\n<li>\u0130\u00e7inde (sanalla\u015ft\u0131rma olmadan, bare-metal) bir Linux Da\u011f\u0131t\u0131m\u0131 y\u00fckl\u00fc olan bir bilgisayar<\/li>\n<\/ul>\n\n\n\n<p><\/p>\n\n\n\n<p><strong>E\u011fitim \u0130\u00e7eri\u011fi<\/strong><\/p>\n\n\n\n<ul class=\"wp-block-list\">\n<li>VM ve Sanalla\u015ft\u0131rma<\/li>\n\n\n\n<li>VM nedir?<\/li>\n\n\n\n<li>Neden Bare-Metal yerine VM kullanal\u0131m ki?<\/li>\n\n\n\n<li>Hypervisor kavram\u0131<\/li>\n\n\n\n<li>KVM 101<\/li>\n\n\n\n<li>Container\u2019lar<\/li>\n\n\n\n<li>Container nedir?<\/li>\n\n\n\n<li>Neden VM yerine Konteyner kullanal\u0131m ki?<\/li>\n\n\n\n<li>VM vs Container<\/li>\n\n\n\n<li>Namespace&#8217;ler &amp; cgroup&#8217;lar<\/li>\n\n\n\n<li>containerd<\/li>\n\n\n\n<li>Container runtime nedir?<\/li>\n\n\n\n<li>containerd ve OCI<\/li>\n\n\n\n<li>Kubernetes ili\u015fkisi<\/li>\n\n\n\n<li>Kata Containers<\/li>\n\n\n\n<li>-Kata Containers nedir?<\/li>\n\n\n\n<li>Kata Containers Mimarisi<\/li>\n\n\n\n<li>MicroVM &amp; Firecracker<\/li>\n\n\n\n<li>MicroVM kavram\u0131<\/li>\n\n\n\n<li>Neden Konteyner yerine MicroVM kullanal\u0131m ki?<\/li>\n\n\n\n<li>Firecracker nedir?<\/li>\n\n\n\n<li>Firecracker Mimarisi<\/li>\n\n\n\n<li>Kata + Firecracker kullan\u0131m\u0131<\/li>\n<\/ul>\n","protected":false},"excerpt":{"rendered":"<p>MicroVM paradigmas\u0131n\u0131n geleneksel sanalla\u015ft\u0131rma ve konteynerizasyon paradigmalar\u0131na k\u0131yasla avantajlar\u0131n\u0131 ve dezavantajlar\u0131n\u0131 kendi MicroVM&#8217;lerimizi kurarak \u00f6\u011frenece\u011fiz. E\u011fitmenler: Ba\u015far Suba\u015f\u0131 Kurslara kay\u0131t olmak i\u00e7in t\u0131klay\u0131n Kat\u0131l\u0131mc\u0131lar i\u00e7in \u00f6n-\u015fartlar Kat\u0131l\u0131mc\u0131lar\u0131n e\u011fitime bilgisayar d\u0131\u015f\u0131nda getirmesi gereken donan\u0131m\/yaz\u0131l\u0131m E\u011fitim \u0130\u00e7eri\u011fi<\/p>\n","protected":false},"author":8,"featured_media":0,"parent":362,"menu_order":0,"comment_status":"closed","ping_status":"closed","template":"","meta":{"footnotes":""},"class_list":["post-1984","page","type-page","status-publish","hentry"],"jetpack_sharing_enabled":true,"_links":{"self":[{"href":"https:\/\/kamp.linux.org.tr\/2026-kis\/wp-json\/wp\/v2\/pages\/1984","targetHints":{"allow":["GET"]}}],"collection":[{"href":"https:\/\/kamp.linux.org.tr\/2026-kis\/wp-json\/wp\/v2\/pages"}],"about":[{"href":"https:\/\/kamp.linux.org.tr\/2026-kis\/wp-json\/wp\/v2\/types\/page"}],"author":[{"embeddable":true,"href":"https:\/\/kamp.linux.org.tr\/2026-kis\/wp-json\/wp\/v2\/users\/8"}],"replies":[{"embeddable":true,"href":"https:\/\/kamp.linux.org.tr\/2026-kis\/wp-json\/wp\/v2\/comments?post=1984"}],"version-history":[{"count":6,"href":"https:\/\/kamp.linux.org.tr\/2026-kis\/wp-json\/wp\/v2\/pages\/1984\/revisions"}],"predecessor-version":[{"id":2061,"href":"https:\/\/kamp.linux.org.tr\/2026-kis\/wp-json\/wp\/v2\/pages\/1984\/revisions\/2061"}],"up":[{"embeddable":true,"href":"https:\/\/kamp.linux.org.tr\/2026-kis\/wp-json\/wp\/v2\/pages\/362"}],"wp:attachment":[{"href":"https:\/\/kamp.linux.org.tr\/2026-kis\/wp-json\/wp\/v2\/media?parent=1984"}],"curies":[{"name":"wp","href":"https:\/\/api.w.org\/{rel}","templated":true}]}}