{"id":1989,"date":"2026-01-19T19:07:58","date_gmt":"2026-01-19T16:07:58","guid":{"rendered":"https:\/\/kamp.linux.org.tr\/2026-kis\/?page_id=1989"},"modified":"2026-01-20T00:24:05","modified_gmt":"2026-01-19T21:24:05","slug":"opentelemetry-ile-uygulama-izleme","status":"publish","type":"page","link":"https:\/\/kamp.linux.org.tr\/2026-kis\/kurslar\/opentelemetry-ile-uygulama-izleme\/","title":{"rendered":"Opentelemetry ile Uygulama \u0130zleme"},"content":{"rendered":"\n<p>OpenTelemetry kullan\u0131larak Kubernetes ortamlar\u0131nda uygulama izleme ile Metric, log ve Trace kavramlar\u0131n\u0131n anla\u015f\u0131lmas\u0131 ve bu verilerin g\u00f6rselle\u015ftirilmesi.<\/p>\n\n\n\n<p><strong>E\u011fitmenler:<\/strong> Yunus Ya\u015far<\/p>\n\n\n\n<p><a href=\"https:\/\/kayit.linux.org.tr\/\" target=\"_blank\" rel=\"noreferrer noopener\" class=\"btn btn-lyk\">Kurslara kay\u0131t olmak i\u00e7in t\u0131klay\u0131n<\/a><\/p>\n\n\n\n<p class=\"mb10\"><strong>Kat\u0131l\u0131mc\u0131lar i\u00e7in \u00f6n-\u015fartlar<\/strong><\/p>\n\n\n\n<ul class=\"wp-block-list\">\n<li>Kubernetes temel kavramlar\u0131n\u0131 bilmek ve herhangi bir programlama dilinde uygulama geli\u015ftirme s\u00fcre\u00e7lerini temel olarak bilmek.<\/li>\n<\/ul>\n\n\n\n<p><\/p>\n\n\n\n<p class=\"mb10\"><strong>Kat\u0131l\u0131mc\u0131lar\u0131n e\u011fitime bilgisayar d\u0131\u015f\u0131nda getirmesi gereken donan\u0131m\/yaz\u0131l\u0131m<\/strong><\/p>\n\n\n\n<ul class=\"wp-block-list\">\n<li>VirtualBox<\/li>\n<\/ul>\n\n\n\n<p><\/p>\n\n\n\n<p class=\"mb10\"><strong>E\u011fitim \u0130\u00e7eri\u011fi<\/strong><\/p>\n\n\n\n<ul class=\"wp-block-list\">\n<li>Observability kavram\u0131 ve temel prensipler<\/li>\n\n\n\n<li>Metric, log ve trace kavramlar\u0131<\/li>\n\n\n\n<li>OpenTelemetry\u2019ye giri\u015f<\/li>\n\n\n\n<li>OpenTelemetry mimarisi ve bile\u015fenleri<\/li>\n\n\n\n<li>Distributed tracing<\/li>\n\n\n\n<li>Trace, span ve context ili\u015fkisi<\/li>\n\n\n\n<li>Sampling ve cardinality kavramlar\u0131<\/li>\n\n\n\n<li>OpenTelemetry SDK (temel d\u00fczey)<\/li>\n\n\n\n<li>Auto-instrumentation ve basit kullan\u0131m<\/li>\n\n\n\n<li>OpenTelemetry Collector<\/li>\n\n\n\n<li>Collector mimarisi ve veri ak\u0131\u015f\u0131<\/li>\n\n\n\n<li>Prometheus ile metric toplama<\/li>\n\n\n\n<li>Grafana ile metrik ve izleme panelleri<\/li>\n\n\n\n<li>Grafana Tempo ile distributed tracing<\/li>\n\n\n\n<li>SigNoz (CE) ile uygulama izleme<\/li>\n\n\n\n<li>Grafana Mimir\u2019e giri\u015f<\/li>\n\n\n\n<li>Kubernetes ortamlar\u0131nda observability<\/li>\n\n\n\n<li>Log ve trace ili\u015fkilendirme<\/li>\n\n\n\n<li>Production (Canl\u0131) ortamlar\u0131 i\u00e7in uygulama \u00f6rnekleri<\/li>\n<\/ul>\n","protected":false},"excerpt":{"rendered":"<p>OpenTelemetry kullan\u0131larak Kubernetes ortamlar\u0131nda uygulama izleme ile Metric, log ve Trace kavramlar\u0131n\u0131n anla\u015f\u0131lmas\u0131 ve bu verilerin g\u00f6rselle\u015ftirilmesi. E\u011fitmenler: Yunus Ya\u015far Kurslara kay\u0131t olmak i\u00e7in t\u0131klay\u0131n Kat\u0131l\u0131mc\u0131lar i\u00e7in \u00f6n-\u015fartlar Kat\u0131l\u0131mc\u0131lar\u0131n e\u011fitime bilgisayar d\u0131\u015f\u0131nda getirmesi gereken donan\u0131m\/yaz\u0131l\u0131m E\u011fitim \u0130\u00e7eri\u011fi<\/p>\n","protected":false},"author":8,"featured_media":0,"parent":362,"menu_order":0,"comment_status":"closed","ping_status":"closed","template":"","meta":{"footnotes":""},"class_list":["post-1989","page","type-page","status-publish","hentry"],"jetpack_sharing_enabled":true,"_links":{"self":[{"href":"https:\/\/kamp.linux.org.tr\/2026-kis\/wp-json\/wp\/v2\/pages\/1989","targetHints":{"allow":["GET"]}}],"collection":[{"href":"https:\/\/kamp.linux.org.tr\/2026-kis\/wp-json\/wp\/v2\/pages"}],"about":[{"href":"https:\/\/kamp.linux.org.tr\/2026-kis\/wp-json\/wp\/v2\/types\/page"}],"author":[{"embeddable":true,"href":"https:\/\/kamp.linux.org.tr\/2026-kis\/wp-json\/wp\/v2\/users\/8"}],"replies":[{"embeddable":true,"href":"https:\/\/kamp.linux.org.tr\/2026-kis\/wp-json\/wp\/v2\/comments?post=1989"}],"version-history":[{"count":5,"href":"https:\/\/kamp.linux.org.tr\/2026-kis\/wp-json\/wp\/v2\/pages\/1989\/revisions"}],"predecessor-version":[{"id":2062,"href":"https:\/\/kamp.linux.org.tr\/2026-kis\/wp-json\/wp\/v2\/pages\/1989\/revisions\/2062"}],"up":[{"embeddable":true,"href":"https:\/\/kamp.linux.org.tr\/2026-kis\/wp-json\/wp\/v2\/pages\/362"}],"wp:attachment":[{"href":"https:\/\/kamp.linux.org.tr\/2026-kis\/wp-json\/wp\/v2\/media?parent=1989"}],"curies":[{"name":"wp","href":"https:\/\/api.w.org\/{rel}","templated":true}]}}