{"id":2013,"date":"2026-01-19T19:27:22","date_gmt":"2026-01-19T16:27:22","guid":{"rendered":"https:\/\/kamp.linux.org.tr\/2026-kis\/?page_id=2013"},"modified":"2026-01-20T00:23:03","modified_gmt":"2026-01-19T21:23:03","slug":"http-web-servisinin-yonetimi","status":"publish","type":"page","link":"https:\/\/kamp.linux.org.tr\/2026-kis\/kurslar\/http-web-servisinin-yonetimi\/","title":{"rendered":"HTTP (Web) Servisinin Y\u00f6netimi"},"content":{"rendered":"\n<p>Bug\u00fcn geli\u015ftirilen uygulamalar\u0131n \u00f6nemli bir k\u0131sm\u0131 kullan\u0131c\u0131larla ve di\u011fer uygulamalarla haberle\u015fmek i\u00e7in HTTP&#8217;yi kullan\u0131yor. Web servisinin y\u00f6netimi, \u00e7o\u011fu uygulaman\u0131n y\u00f6netimi i\u00e7in &#8220;olmazsa olmaz&#8221;. E\u011fitimde web sunucular\u0131n\u0131n kurulumu ve ayarlanmas\u0131n\u0131 ele al\u0131rken, ayn\u0131 zamanda HTTP servisinin y\u00f6netiminde kar\u015f\u0131la\u015ft\u0131\u011f\u0131m\u0131z farkl\u0131 ba\u015fl\u0131klar\u0131n \u00fczerinden de teker teker ge\u00e7ece\u011fiz. Yayg\u0131n olarak kullan\u0131lan web sunucular\u0131 hem Apache hem Nginx ile, hem Rocky (RHEL t\u00fcrevi) hem de Debian da\u011f\u0131t\u0131mlar\u0131nda kar\u015f\u0131la\u015fat\u0131rmal\u0131 olarak uygulama yapaca\u011f\u0131z. E\u011fitim, web sunucu ve uygulamalar\u0131n\u0131n y\u00f6netimini yapan ya da yapmak isteyen sistem y\u00f6neticilerine hitap ediyor.<\/p>\n\n\n\n<p><strong>E\u011fitmenler:<\/strong> Doruk Fi\u015fek, G\u00f6khan \u00c7uryan<\/p>\n\n\n\n<p><a href=\"https:\/\/kayit.linux.org.tr\/\" target=\"_blank\" rel=\"noreferrer noopener\" class=\"btn btn-lyk\">Kurslara kay\u0131t olmak i\u00e7in t\u0131klay\u0131n<\/a><\/p>\n\n\n\n<div style=\"height:30px\" aria-hidden=\"true\" class=\"wp-block-spacer\"><\/div>\n\n\n\n<p><strong>Kat\u0131l\u0131mc\u0131lar i\u00e7in \u00f6n-\u015fartlar<\/strong><\/p>\n\n\n\n<ul class=\"wp-block-list\">\n<li>\u00d6zg\u00fcr Yaz\u0131l\u0131m Yaz Kamp\u0131&#8217;n\u0131n GNU\/Linux Sistem Y\u00f6netimi 1. D\u00fczey E\u011fitimi konular\u0131na hakim olmak.<\/li>\n<\/ul>\n\n\n\n<p><\/p>\n\n\n\n<p><strong>Kat\u0131l\u0131mc\u0131lar\u0131n e\u011fitime bilgisayar d\u0131\u015f\u0131nda getirmesi gereken donan\u0131m\/yaz\u0131l\u0131m<\/strong><\/p>\n\n\n\n<ul class=\"wp-block-list\">\n<li>Sanalla\u015ft\u0131rma ortam\u0131 (\u00f6r: VirtualBox) <\/li>\n\n\n\n<li>En az paketle kurulmu\u015f, grafik ekran deste\u011fi olmayan en az iki adet Rocky ve\/veya Debian sanal makine. <\/li>\n\n\n\n<li>Sanal makinelerin birbirlerine ba\u011flanabilmesi, \u0130nternet&#8217;e ba\u011flanabilmesi, host makineden de bu sanal makinelere ba\u011flan\u0131labilmesi gerekiyor.<\/li>\n<\/ul>\n\n\n\n<div style=\"height:30px\" aria-hidden=\"true\" class=\"wp-block-spacer\"><\/div>\n\n\n\n<p><strong>E\u011fitim \u0130\u00e7eri\u011fi<\/strong><\/p>\n\n\n\n<ul class=\"wp-block-list\">\n<li>Kurulum<\/li>\n\n\n\n<li>Dizin Yap\u0131s\u0131<\/li>\n\n\n\n<li>Ayar Dosyalar\u0131<\/li>\n\n\n\n<li>Mod\u00fcler Yap\u0131 ve Mod\u00fcller<\/li>\n\n\n\n<li>Eri\u015fim K\u0131s\u0131tlamalar\u0131<\/li>\n\n\n\n<li>Uygulamalar\u0131n Kendi Ayarlar\u0131n\u0131 Y\u00f6netmesi<\/li>\n\n\n\n<li>HTTP Hata Kodlar\u0131n\u0131n Y\u00f6netimi<\/li>\n\n\n\n<li>HTTP Ba\u015fl\u0131klar\u0131<\/li>\n\n\n\n<li>Sanal (Virtual) Host<\/li>\n\n\n\n<li>SSL \u015eifreleme<\/li>\n\n\n\n<li>Ters (Reverse) Proxy<\/li>\n\n\n\n<li>Uygulama Sunucusu Entegrasyonu<\/li>\n\n\n\n<li>Konu\u015fland\u0131rma (Deployment)<\/li>\n\n\n\n<li>Y\u00fck Dengeleme<\/li>\n\n\n\n<li>Loglama ve 5651 \u0130mzalama<\/li>\n\n\n\n<li>G\u00fcvenlik<\/li>\n\n\n\n<li>Monitoring (G\u00f6zetleme)<\/li>\n\n\n\n<li>Performans<\/li>\n\n\n\n<li>\u00d6l\u00e7eklendirme ve Y\u00fcksek Eri\u015filebilirlik (HA)<\/li>\n<\/ul>\n\n\n\n<p><\/p>\n","protected":false},"excerpt":{"rendered":"<p>Bug\u00fcn geli\u015ftirilen uygulamalar\u0131n \u00f6nemli bir k\u0131sm\u0131 kullan\u0131c\u0131larla ve di\u011fer uygulamalarla haberle\u015fmek i\u00e7in HTTP&#8217;yi kullan\u0131yor. Web servisinin y\u00f6netimi, \u00e7o\u011fu uygulaman\u0131n y\u00f6netimi i\u00e7in &#8220;olmazsa olmaz&#8221;. E\u011fitimde web sunucular\u0131n\u0131n kurulumu ve ayarlanmas\u0131n\u0131 ele al\u0131rken, ayn\u0131 zamanda HTTP servisinin y\u00f6netiminde kar\u015f\u0131la\u015ft\u0131\u011f\u0131m\u0131z farkl\u0131 ba\u015fl\u0131klar\u0131n \u00fczerinden de teker teker ge\u00e7ece\u011fiz. Yayg\u0131n olarak kullan\u0131lan web sunucular\u0131 hem Apache hem Nginx ile, hem [&hellip;]<\/p>\n","protected":false},"author":8,"featured_media":0,"parent":362,"menu_order":0,"comment_status":"closed","ping_status":"closed","template":"","meta":{"footnotes":""},"class_list":["post-2013","page","type-page","status-publish","hentry"],"jetpack_sharing_enabled":true,"_links":{"self":[{"href":"https:\/\/kamp.linux.org.tr\/2026-kis\/wp-json\/wp\/v2\/pages\/2013","targetHints":{"allow":["GET"]}}],"collection":[{"href":"https:\/\/kamp.linux.org.tr\/2026-kis\/wp-json\/wp\/v2\/pages"}],"about":[{"href":"https:\/\/kamp.linux.org.tr\/2026-kis\/wp-json\/wp\/v2\/types\/page"}],"author":[{"embeddable":true,"href":"https:\/\/kamp.linux.org.tr\/2026-kis\/wp-json\/wp\/v2\/users\/8"}],"replies":[{"embeddable":true,"href":"https:\/\/kamp.linux.org.tr\/2026-kis\/wp-json\/wp\/v2\/comments?post=2013"}],"version-history":[{"count":4,"href":"https:\/\/kamp.linux.org.tr\/2026-kis\/wp-json\/wp\/v2\/pages\/2013\/revisions"}],"predecessor-version":[{"id":2059,"href":"https:\/\/kamp.linux.org.tr\/2026-kis\/wp-json\/wp\/v2\/pages\/2013\/revisions\/2059"}],"up":[{"embeddable":true,"href":"https:\/\/kamp.linux.org.tr\/2026-kis\/wp-json\/wp\/v2\/pages\/362"}],"wp:attachment":[{"href":"https:\/\/kamp.linux.org.tr\/2026-kis\/wp-json\/wp\/v2\/media?parent=2013"}],"curies":[{"name":"wp","href":"https:\/\/api.w.org\/{rel}","templated":true}]}}