{"id":362,"date":"2022-07-06T12:57:00","date_gmt":"2022-07-06T12:57:00","guid":{"rendered":"https:\/\/kamp.linux.org.tr\/2022\/?page_id=8"},"modified":"2026-01-24T16:32:01","modified_gmt":"2026-01-24T13:32:01","slug":"kurslar","status":"publish","type":"page","link":"https:\/\/kamp.linux.org.tr\/2026-kis\/kurslar\/","title":{"rendered":"Kurslar"},"content":{"rendered":"\n<p style=\"font-size:16px\">Bu seneki kampta paralel s\u0131n\u0131flarda verilecek kurslar belirlendik\u00e7e, kurslar\u0131n bilgilerine a\u015fa\u011f\u0131daki listeden ula\u015fabilirsiniz.<\/p>\n\n\n\n<p style=\"font-size:16px\">Ba\u015fvurmay\u0131 planlad\u0131\u011f\u0131n\u0131z kursun web sayfas\u0131ndaki detay program\u0131, anlat\u0131lanlar\u0131, kat\u0131l\u0131mc\u0131lardan beklenenleri mutlaka inceleyiniz.<\/p>\n\n\n\n<p style=\"font-size:16px\">E\u011fer hen\u00fcz okumad\u0131ysan\u0131z <a href=\"https:\/\/kamp.linux.org.tr\/2026-kis\/2025-kis\/sikca-sorulan-sorular\/\" data-type=\"page\" data-id=\"14\">S\u0131k\u00e7a Sorulan Sorular<\/a> sayfas\u0131n\u0131 da dikkatlice okuyunuz.<\/p>\n\n\n\n<p><a class=\"btn btn-lyk\" rel=\"noreferrer noopener\" href=\"https:\/\/kayit.linux.org.tr\/\" data-type=\"URL\" data-id=\"https:\/\/kayit.linux.org.tr\/\" target=\"_blank\">Kurslara kay\u0131t olmak i\u00e7in t\u0131klay\u0131n<\/a><\/p>\n\n\n\n<div class=\"wp-block-group\"><div class=\"wp-block-group__inner-container is-layout-constrained wp-block-group-is-layout-constrained\">\n<ul class=\"wp-block-list\">\n<li><a href=\"https:\/\/kamp.linux.org.tr\/2026-kis\/kurslar\/bitcoini-anlamak-sayisal-kriptografi-ve-blokzincire-giris\/\" data-type=\"page\" data-id=\"1941\">Bitcoin&#8217;i Anlamak: Say\u0131sal Kriptografi ve Blokzincire Giri\u015f<\/a><\/li>\n\n\n\n<li><a href=\"https:\/\/kamp.linux.org.tr\/2026-kis\/kurslar\/gnu-linux-sistem-yonetimi-0-5\/\" data-type=\"page\" data-id=\"1909\">GNU\/Linux Sistem Y\u00f6netimi 0.5<\/a><\/li>\n\n\n\n<li><a href=\"https:\/\/kamp.linux.org.tr\/2026-kis\/kurslar\/gnu-linux-sistem-yonetimi-1-5\/\" data-type=\"page\" data-id=\"1927\">GNU\/Linux Sistem Y\u00f6netimi 1.5<\/a><\/li>\n\n\n\n<li><a href=\"https:\/\/kamp.linux.org.tr\/2026-kis\/kurslar\/gnu-radio-ile-uygulamali-haberlesme-sistemleri\/\" data-type=\"page\" data-id=\"1932\">GNU Radio ile Uygulamal\u0131 Haberle\u015fme Sistemleri<\/a><\/li>\n\n\n\n<li><a href=\"https:\/\/kamp.linux.org.tr\/2026-kis\/kurslar\/http-web-servisinin-yonetimi\/\" data-type=\"page\" data-id=\"2013\">HTTP (Web) Servisinin Y\u00f6netimi<\/a><\/li>\n\n\n\n<li><a href=\"https:\/\/kamp.linux.org.tr\/2026-kis\/kurslar\/kubernetes-ve-konteyner-dunyasina-giris\/\" data-type=\"page\" data-id=\"1958\">Kubernetes ve Konteyner D\u00fcnyas\u0131na Giri\u015f<\/a><\/li>\n\n\n\n<li><a href=\"https:\/\/kamp.linux.org.tr\/2026-kis\/kurslar\/linuxun-ic-yapisi-ebpf-xdpye-giris\/\" data-type=\"page\" data-id=\"1955\">Linux \u0130\u00e7 Yap\u0131s\u0131: (e)BPF \/ XDP&#8217;ye Giri\u015f<\/a><\/li>\n\n\n\n<li><a href=\"https:\/\/kamp.linux.org.tr\/2026-kis\/kurslar\/unix-terminal-anatomisi-2\/\" data-type=\"page\" data-id=\"1970\">Unix Terminal Anatomisi<\/a><\/li>\n\n\n\n<li><a href=\"https:\/\/kamp.linux.org.tr\/2026-kis\/kurslar\/mikroservisler-ile-devops\/\" data-type=\"page\" data-id=\"1962\">Mikroservisler ile DevOPS<\/a><\/li>\n\n\n\n<li><a href=\"https:\/\/kamp.linux.org.tr\/2026-kis\/kurslar\/modern-sanallastirma-pratikler-kata-containers-ve-firecracker-ile-microvmlere-giris\/\" data-type=\"page\" data-id=\"1984\">Modern Sanalla\u015ft\u0131rma Pratikleri: Kata Containers ve Firecracker ile MicroVMlere Giri\u015f<\/a><\/li>\n\n\n\n<li><a href=\"https:\/\/kamp.linux.org.tr\/2026-kis\/kurslar\/opentelemetry-ile-uygulama-izleme\/\" data-type=\"page\" data-id=\"1989\">Opentelemetry ile Uygulama \u0130zleme<\/a><\/li>\n\n\n\n<li><a href=\"https:\/\/kamp.linux.org.tr\/2026-kis\/kurslar\/python-ile-temel-programlama\/\" data-type=\"page\" data-id=\"1946\">Python ile Temel Programlama<\/a><\/li>\n\n\n\n<li><a href=\"https:\/\/kamp.linux.org.tr\/2026-kis\/kurslar\/r-ile-veri-gorsellestirme\/\" data-type=\"page\" data-id=\"1975\">R ile Veri G\u00f6rselle\u015ftirme<\/a><\/li>\n<\/ul>\n\n\n\n<p style=\"font-size:16px\"><\/p>\n<\/div><\/div>\n\n\n\n<p><\/p>\n","protected":false},"excerpt":{"rendered":"<p>Bu seneki kampta paralel s\u0131n\u0131flarda verilecek kurslar belirlendik\u00e7e, kurslar\u0131n bilgilerine a\u015fa\u011f\u0131daki listeden ula\u015fabilirsiniz. Ba\u015fvurmay\u0131 planlad\u0131\u011f\u0131n\u0131z kursun web sayfas\u0131ndaki detay program\u0131, anlat\u0131lanlar\u0131, kat\u0131l\u0131mc\u0131lardan beklenenleri mutlaka inceleyiniz. E\u011fer hen\u00fcz okumad\u0131ysan\u0131z S\u0131k\u00e7a Sorulan Sorular sayfas\u0131n\u0131 da dikkatlice okuyunuz. Kurslara kay\u0131t olmak i\u00e7in t\u0131klay\u0131n<\/p>\n","protected":false},"author":1,"featured_media":0,"parent":0,"menu_order":0,"comment_status":"closed","ping_status":"closed","template":"","meta":{"footnotes":""},"class_list":["post-362","page","type-page","status-publish","hentry"],"jetpack_sharing_enabled":true,"_links":{"self":[{"href":"https:\/\/kamp.linux.org.tr\/2026-kis\/wp-json\/wp\/v2\/pages\/362","targetHints":{"allow":["GET"]}}],"collection":[{"href":"https:\/\/kamp.linux.org.tr\/2026-kis\/wp-json\/wp\/v2\/pages"}],"about":[{"href":"https:\/\/kamp.linux.org.tr\/2026-kis\/wp-json\/wp\/v2\/types\/page"}],"author":[{"embeddable":true,"href":"https:\/\/kamp.linux.org.tr\/2026-kis\/wp-json\/wp\/v2\/users\/1"}],"replies":[{"embeddable":true,"href":"https:\/\/kamp.linux.org.tr\/2026-kis\/wp-json\/wp\/v2\/comments?post=362"}],"version-history":[{"count":15,"href":"https:\/\/kamp.linux.org.tr\/2026-kis\/wp-json\/wp\/v2\/pages\/362\/revisions"}],"predecessor-version":[{"id":2092,"href":"https:\/\/kamp.linux.org.tr\/2026-kis\/wp-json\/wp\/v2\/pages\/362\/revisions\/2092"}],"wp:attachment":[{"href":"https:\/\/kamp.linux.org.tr\/2026-kis\/wp-json\/wp\/v2\/media?parent=362"}],"curies":[{"name":"wp","href":"https:\/\/api.w.org\/{rel}","templated":true}]}}