{"id":16,"date":"2022-07-06T12:58:28","date_gmt":"2022-07-06T12:58:28","guid":{"rendered":"https:\/\/kamp.linux.org.tr\/2022\/?page_id=16"},"modified":"2022-07-06T12:58:28","modified_gmt":"2022-07-06T12:58:28","slug":"destekleyen-kurumlar","status":"publish","type":"page","link":"https:\/\/kamp.linux.org.tr\/2026-yaz\/destekleyen-kurumlar\/","title":{"rendered":"Destekleyen Kurumlar"},"content":{"rendered":"\n<div id=\"section-g-1h46sbo\" class=\"wp-block-gutentor-e2 section-g-1h46sbo gutentor-element gutentor-element-button button-align-center-desktop\"><span class=\"gutentor-button-wrap\"><a class=\"gutentor-button gutentor-block-button gutentor-icon-hide\" href=\"https:\/\/kamp.linux.org.tr\/2026-yaz\/wp-content\/uploads\/sites\/10\/2025\/06\/OYK_2025_Yaz_Sponsorluk_Dosyasi_Compressed.pdf\"><i class=\"gutentor-button-icon fas fa-book\"><\/i><span>Sponsor olmak istiyorsan\u0131z sponsorluk dosyam\u0131z\u0131 inceleyebilirsiniz.<\/span><\/a><\/span><\/div>\n\n\n\n<style>\n@media only screen and (min-width: 992px) {\n  .gutentor-block-button {\n    padding: 20px 40px 20px 40px;\n    font-size: 16px;\n  }\n}\n@media only screen and (min-width: 768px) {\n  .gutentor-block-button {\n    padding: 20px 40px 20px 40px;\n    font-size: 16px;\n  }\n}\n.gutentor-block-button {\n  color: #275cf6;\n  padding: 20px 40px 20px 40px;\n  border-style: solid;\n  border-width: 2px 2px 2px 2px;\n  border-color: [object Object];\n  border-top-left-radius: 3px;\n  border-top-right-radius: 3px;\n  border-bottom-right-radius: 3px;\n  border-bottom-left-radius: 3px;\n  font-size: 16px;\n  text-transform: normal;\n\ndisplay: inline-block;\n  width: 100%;\ntext-align: center;\n}\n\n<\/style>\n<br><br>\n\n\n\n<p class=\"has-text-align-center has-large-font-size\"><strong>Organizasyon<\/strong><\/p>\n\n\n\n<br><br>\n\n\n\n<div class=\"wp-block-columns is-layout-flex wp-container-core-columns-is-layout-9d6595d7 wp-block-columns-is-layout-flex\">\n<div class=\"wp-block-column is-layout-flow wp-block-column-is-layout-flow\"><div class=\"wp-block-image\">\n<figure class=\"alignright size-full\"><img loading=\"lazy\" decoding=\"async\" width=\"300\" height=\"300\" src=\"https:\/\/kamp.linux.org.tr\/2026-yaz\/wp-content\/uploads\/sites\/10\/2023\/06\/tlkd.png\" alt=\"\" class=\"wp-image-335\" srcset=\"https:\/\/kamp.linux.org.tr\/2026-yaz\/wp-content\/uploads\/sites\/10\/2023\/06\/tlkd.png 300w, https:\/\/kamp.linux.org.tr\/2026-yaz\/wp-content\/uploads\/sites\/10\/2023\/06\/tlkd-150x150.png 150w\" sizes=\"auto, (max-width: 300px) 100vw, 300px\" \/><\/figure>\n<\/div><\/div>\n\n\n\n<div class=\"wp-block-column is-vertically-aligned-center is-layout-flow wp-block-column-is-layout-flow\"><div class=\"wp-block-image\">\n<figure class=\"alignleft size-full\"><img loading=\"lazy\" decoding=\"async\" width=\"300\" height=\"300\" src=\"https:\/\/kamp.linux.org.tr\/2026-yaz\/wp-content\/uploads\/sites\/10\/2023\/06\/aibu.png\" alt=\"\" class=\"wp-image-336\" srcset=\"https:\/\/kamp.linux.org.tr\/2026-yaz\/wp-content\/uploads\/sites\/10\/2023\/06\/aibu.png 300w, https:\/\/kamp.linux.org.tr\/2026-yaz\/wp-content\/uploads\/sites\/10\/2023\/06\/aibu-150x150.png 150w\" sizes=\"auto, (max-width: 300px) 100vw, 300px\" \/><\/figure>\n<\/div><\/div>\n<\/div>\n\n\n\n<br><br>\n\n\n\n<p class=\"has-text-align-center has-large-font-size\"><strong>Destekleyen Kurumlar<\/strong><\/p>\n\n\n\n<br \/><br \/>\n\n\n\n<section id=\"g-5hwc1cl\" class=\"wp-block-gutentor-m2 section-g-5hwc1cl gutentor-module gutentor-dynamic-columns sponsor2\"><div class=\"grid-container\"><div class=\"grid-row\">\n<div id=\"col-g-q0xq8da\" class=\"wp-block-gutentor-m2-col col-g-q0xq8da gutentor-module gutentor-dynamic-single-column grid-lg-6 grid-md-4 grid-12\"><div id=\"section-g-q0xq8da\" class=\"section-g-q0xq8da gutentor-single-col\">\n<figure class=\"wp-block-image size-full\"><img loading=\"lazy\" decoding=\"async\" width=\"330\" height=\"99\" src=\"https:\/\/kamp.linux.org.tr\/2026-yaz\/wp-content\/uploads\/sites\/10\/2023\/07\/pardus_yatay.png\" alt=\"\" class=\"wp-image-357\" srcset=\"https:\/\/kamp.linux.org.tr\/2026-yaz\/wp-content\/uploads\/sites\/10\/2023\/07\/pardus_yatay.png 330w, https:\/\/kamp.linux.org.tr\/2026-yaz\/wp-content\/uploads\/sites\/10\/2023\/07\/pardus_yatay-300x90.png 300w\" sizes=\"auto, (max-width: 330px) 100vw, 330px\" \/><\/figure>\n<\/div><\/div>\n\n\n\n<div id=\"col-g-cupbdqa\" class=\"wp-block-gutentor-m2-col col-g-cupbdqa gutentor-module gutentor-dynamic-single-column grid-lg-6 grid-md-4 grid-12\"><div id=\"section-g-cupbdqa\" class=\"section-g-cupbdqa gutentor-single-col\"><\/div><\/div>\n<\/div><\/div><\/section>\n\n\n\n<div class=\"wp-block-columns is-layout-flex wp-container-core-columns-is-layout-9d6595d7 wp-block-columns-is-layout-flex\">\n<div class=\"wp-block-column is-layout-flow wp-block-column-is-layout-flow\">\n<br \/><br \/>\n<\/div>\n<\/div>\n\n\n\n<p class=\"has-text-align-center has-large-font-size\"><strong>Alt\u0131n Sponsor<\/strong><\/p>\n\n\n\n<br><br>\n\n\n\n<section id=\"g-efm6sll\" class=\"wp-block-gutentor-m2 section-g-efm6sll gutentor-module gutentor-dynamic-columns sponsor2\"><div class=\"grid-container\"><div class=\"grid-row\">\n<div id=\"col-g-cjin9kk\" class=\"wp-block-gutentor-m2-col col-g-cjin9kk gutentor-module gutentor-dynamic-single-column grid-lg-6 grid-md-4 grid-12\"><div id=\"section-g-cjin9kk\" class=\"section-g-cjin9kk gutentor-single-col\">\n<figure class=\"wp-block-image size-full\"><img decoding=\"async\" src=\"https:\/\/kamp.linux.org.tr\/2026-yaz\/2025-kis\/wp-content\/uploads\/sites\/7\/2025\/01\/Profelis_Logo_Site-300x58-1.webp\" alt=\"\" class=\"wp-image-1785\" \/><\/figure>\n<\/div><\/div>\n\n\n\n<div id=\"col-g-v4tmci4\" class=\"wp-block-gutentor-m2-col col-g-v4tmci4 gutentor-module gutentor-dynamic-single-column grid-lg-6 grid-md-4 grid-12\"><div id=\"section-g-v4tmci4\" class=\"section-g-v4tmci4 gutentor-single-col\"><\/div><\/div>\n<\/div><\/div><\/section>\n\n\n\n<br><br>\n\n\n\n<p class=\"has-text-align-center has-large-font-size\"><strong>G\u00fcm\u00fc\u015f Sponsor<\/strong><\/p>\n\n\n\n<br><br>\n\n\n\n<section id=\"gm9ca66f6\" class=\"wp-block-gutentor-m2 section-gm9ca66f6 gutentor-module gutentor-dynamic-columns sponsor2\"><div class=\"grid-container\"><div class=\"grid-row\">\n<div id=\"col-gmb2ec58\" class=\"wp-block-gutentor-m2-col col-gmb2ec58 gutentor-module gutentor-dynamic-single-column grid-lg-6 grid-md-4 grid-12\"><div id=\"section-gmb2ec58\" class=\"section-gmb2ec58 gutentor-single-col\">\n<figure class=\"wp-block-image size-large\"><img decoding=\"async\" src=\"https:\/\/kamp.linux.org.tr\/2026-yaz\/2025-kis\/wp-content\/uploads\/sites\/7\/2025\/01\/Clicker-Games-Logo-Black-1024x301.webp\" alt=\"\" class=\"wp-image-1796\" \/><\/figure>\n<\/div><\/div>\n\n\n\n<div id=\"col-gm8b73c5\" class=\"wp-block-gutentor-m2-col col-gm8b73c5 gutentor-module gutentor-dynamic-single-column grid-lg-6 grid-md-4 grid-12\"><div id=\"section-gm8b73c5\" class=\"section-gm8b73c5 gutentor-single-col\"><\/div><\/div>\n<\/div><\/div><\/section>\n\n\n\n<br><br>\n\n\n\n<p class=\"has-text-align-center has-large-font-size\"><strong>Bronz Sponsor<\/strong><\/p>\n\n\n\n<br><br>\n\n\n\n<section id=\"g-aemqmy1\" class=\"wp-block-gutentor-m2 section-g-aemqmy1 gutentor-module gutentor-dynamic-columns sponsor2\"><div class=\"grid-container\"><div class=\"grid-row\">\n<div id=\"col-g-mu58hg8\" class=\"wp-block-gutentor-m2-col col-g-mu58hg8 gutentor-module gutentor-dynamic-single-column grid-lg-6 grid-md-4 grid-12\"><div id=\"section-g-mu58hg8\" class=\"section-g-mu58hg8 gutentor-single-col\">\n<figure class=\"wp-block-image size-full is-resized\"><img loading=\"lazy\" decoding=\"async\" width=\"224\" height=\"150\" src=\"https:\/\/kamp.linux.org.tr\/2026-yaz\/wp-content\/uploads\/sites\/10\/2024\/06\/ozgur_yazilim_as.png\" alt=\"\" class=\"wp-image-850\" style=\"width:300px\" \/><\/figure>\n<\/div><\/div>\n\n\n\n<div id=\"col-g-xvg5dex\" class=\"wp-block-gutentor-m2-col col-g-xvg5dex gutentor-module gutentor-dynamic-single-column grid-lg-6 grid-md-4 grid-12\"><div id=\"section-g-xvg5dex\" class=\"section-g-xvg5dex gutentor-single-col\"><\/div><\/div>\n<\/div><\/div><\/section>\n\n\n\n<br><br>\n\n\n\n<p class=\"has-text-align-center has-large-font-size\"><strong>Yaka Kart\u0131 Sponsorlar\u0131<\/strong><\/p>\n\n\n\n<br><br>\n\n\n\n<section id=\"gm97dfcea\" class=\"wp-block-gutentor-m2 section-gm97dfcea gutentor-module gutentor-dynamic-columns gutentor-equal-column-height sponsor2\"><div class=\"grid-container\"><div class=\"grid-row\">\n<div id=\"col-gm02a9ab\" class=\"wp-block-gutentor-m2-col col-gm02a9ab gutentor-module gutentor-dynamic-single-column grid-lg-6 grid-md-4 grid-12\"><div id=\"section-gm02a9ab\" class=\"section-gm02a9ab gutentor-single-col\">\n<figure class=\"wp-block-image size-full\"><img loading=\"lazy\" decoding=\"async\" width=\"794\" height=\"160\" src=\"https:\/\/kamp.linux.org.tr\/2026-yaz\/wp-content\/uploads\/sites\/10\/2023\/08\/sambabox.png\" alt=\"\" class=\"wp-image-675\" srcset=\"https:\/\/kamp.linux.org.tr\/2026-yaz\/wp-content\/uploads\/sites\/10\/2023\/08\/sambabox.png 794w, https:\/\/kamp.linux.org.tr\/2026-yaz\/wp-content\/uploads\/sites\/10\/2023\/08\/sambabox-300x60.png 300w, https:\/\/kamp.linux.org.tr\/2026-yaz\/wp-content\/uploads\/sites\/10\/2023\/08\/sambabox-768x155.png 768w\" sizes=\"auto, (max-width: 794px) 100vw, 794px\" \/><\/figure>\n<\/div><\/div>\n\n\n\n<div id=\"col-gm03798c\" class=\"wp-block-gutentor-m2-col col-gm03798c gutentor-module gutentor-dynamic-single-column grid-lg-6 grid-md-4 grid-12\"><div id=\"section-gm03798c\" class=\"section-gm03798c gutentor-single-col\">\n<figure class=\"wp-block-image size-large\"><img loading=\"lazy\" decoding=\"async\" width=\"1024\" height=\"203\" src=\"https:\/\/kamp.linux.org.tr\/2026-yaz\/2025-yaz\/wp-content\/uploads\/sites\/8\/2023\/08\/MonoLogo-1024x203.png\" alt=\"\" class=\"wp-image-671\" srcset=\"https:\/\/kamp.linux.org.tr\/2026-yaz\/wp-content\/uploads\/sites\/10\/2023\/08\/MonoLogo-1024x203.png 1024w, https:\/\/kamp.linux.org.tr\/2026-yaz\/wp-content\/uploads\/sites\/10\/2023\/08\/MonoLogo-300x59.png 300w, https:\/\/kamp.linux.org.tr\/2026-yaz\/wp-content\/uploads\/sites\/10\/2023\/08\/MonoLogo-768x152.png 768w, https:\/\/kamp.linux.org.tr\/2026-yaz\/wp-content\/uploads\/sites\/10\/2023\/08\/MonoLogo-1536x304.png 1536w, https:\/\/kamp.linux.org.tr\/2026-yaz\/wp-content\/uploads\/sites\/10\/2023\/08\/MonoLogo-2048x406.png 2048w\" sizes=\"auto, (max-width: 1024px) 100vw, 1024px\" \/><\/figure>\n<\/div><\/div>\n\n\n\n<div id=\"col-gm66c1da\" class=\"wp-block-gutentor-m2-col col-gm66c1da gutentor-module gutentor-dynamic-single-column grid-lg-6 grid-md-4 grid-12\"><div id=\"section-gm66c1da\" class=\"section-gm66c1da gutentor-single-col\"><\/div><\/div>\n\n\n\n<div id=\"col-gmecec79\" class=\"wp-block-gutentor-m2-col col-gmecec79 gutentor-module gutentor-dynamic-single-column grid-lg-6 grid-md-4 grid-12\"><div id=\"section-gmecec79\" class=\"section-gmecec79 gutentor-single-col\"><\/div><\/div>\n<\/div><\/div><\/section>\n\n\n\n<br><br>\n\n\n\n<p><\/p>\n\n\n\n<p><\/p>\n","protected":false},"excerpt":{"rendered":"<p>Organizasyon Destekleyen Kurumlar Alt\u0131n Sponsor G\u00fcm\u00fc\u015f Sponsor Bronz Sponsor Yaka Kart\u0131 Sponsorlar\u0131<\/p>\n","protected":false},"author":1,"featured_media":0,"parent":0,"menu_order":0,"comment_status":"closed","ping_status":"closed","template":"","meta":{"footnotes":""},"class_list":["post-16","page","type-page","status-publish","hentry"],"jetpack_sharing_enabled":true,"_links":{"self":[{"href":"https:\/\/kamp.linux.org.tr\/2026-yaz\/wp-json\/wp\/v2\/pages\/16","targetHints":{"allow":["GET"]}}],"collection":[{"href":"https:\/\/kamp.linux.org.tr\/2026-yaz\/wp-json\/wp\/v2\/pages"}],"about":[{"href":"https:\/\/kamp.linux.org.tr\/2026-yaz\/wp-json\/wp\/v2\/types\/page"}],"author":[{"embeddable":true,"href":"https:\/\/kamp.linux.org.tr\/2026-yaz\/wp-json\/wp\/v2\/users\/1"}],"replies":[{"embeddable":true,"href":"https:\/\/kamp.linux.org.tr\/2026-yaz\/wp-json\/wp\/v2\/comments?post=16"}],"version-history":[{"count":0,"href":"https:\/\/kamp.linux.org.tr\/2026-yaz\/wp-json\/wp\/v2\/pages\/16\/revisions"}],"wp:attachment":[{"href":"https:\/\/kamp.linux.org.tr\/2026-yaz\/wp-json\/wp\/v2\/media?parent=16"}],"curies":[{"name":"wp","href":"https:\/\/api.w.org\/{rel}","templated":true}]}}